{"id":52735,"date":"2024-02-22T13:02:38","date_gmt":"2024-02-22T13:02:38","guid":{"rendered":"https:\/\/live-atri-start.pantheonsite.io\/derechos-de-privacidad-de-california\/"},"modified":"2025-05-06T19:29:15","modified_gmt":"2025-05-06T19:29:15","slug":"derechos-de-privacidad-de-california","status":"publish","type":"page","link":"https:\/\/start-study.org\/es\/derechos-de-privacidad-de-california\/","title":{"rendered":"Derechos de privacidad de California"},"content":{"rendered":"<p>[et_pb_section fb_built=&#8221;1&#8243; _builder_version=&#8221;4.22.1&#8243; _module_preset=&#8221;default&#8221; use_background_color_gradient=&#8221;on&#8221; background_color_gradient_direction=&#8221;270deg&#8221; background_color_gradient_stops=&#8221;#1965af 0%|#0f408c 100%&#8221; background_enable_image=&#8221;off&#8221; background_size=&#8221;contain&#8221; background_position=&#8221;center_right&#8221; custom_margin=&#8221;||||false|false&#8221; custom_margin_tablet=&#8221;||||false|false&#8221; custom_margin_phone=&#8221;||||false|false&#8221; custom_margin_last_edited=&#8221;on|phone&#8221; custom_padding=&#8221;||0px||false|false&#8221; hover_enabled=&#8221;0&#8243; locked=&#8221;off&#8221; global_colors_info=&#8221;{}&#8221; sticky_enabled=&#8221;0&#8243;][et_pb_row make_equal=&#8221;on&#8221; custom_padding_last_edited=&#8221;on|phone&#8221; module_class=&#8221;hero-wrapper&#8221; _builder_version=&#8221;4.22.1&#8243; _module_preset=&#8221;default&#8221; background_enable_image=&#8221;off&#8221; background_size=&#8221;contain&#8221; background_position=&#8221;center_right&#8221; width=&#8221;100%&#8221; max_width=&#8221;100%&#8221; custom_padding=&#8221;120px||50px||false|false&#8221; custom_padding_tablet=&#8221;120px||50px||false|false&#8221; custom_padding_phone=&#8221;60px||||false|false&#8221; global_colors_info=&#8221;{}&#8221;][et_pb_column type=&#8221;4_4&#8243; module_class=&#8221;hero-text-section&#8221; _builder_version=&#8221;4.22.1&#8243; _module_preset=&#8221;default&#8221; custom_padding=&#8221;|80px||80px|false|false&#8221; custom_padding_tablet=&#8221;|50px||50px|false|false&#8221; custom_padding_phone=&#8221;|16px||16px|false|false&#8221; custom_padding_last_edited=&#8221;on|desktop&#8221; global_colors_info=&#8221;{}&#8221;][et_pb_text _builder_version=&#8221;4.22.1&#8243; _module_preset=&#8221;default&#8221; header_font=&#8221;|||on|||||&#8221; header_text_color=&#8221;#FFFFFF&#8221; max_width=&#8221;700px&#8221; module_alignment=&#8221;left&#8221; custom_margin=&#8221;||0px||false|false&#8221; custom_padding=&#8221;||||false|false&#8221; header_font_size_tablet=&#8221;64px&#8221; header_font_size_phone=&#8221;56px&#8221; header_font_size_last_edited=&#8221;on|phone&#8221; global_colors_info=&#8221;{}&#8221;]<\/p>\n<h1>Derechos de privacidad de California<\/h1>\n<p>[\/et_pb_text][\/et_pb_column][\/et_pb_row][\/et_pb_section][et_pb_section fb_built=&#8221;1&#8243; _builder_version=&#8221;4.22.1&#8243; _module_preset=&#8221;default&#8221; custom_margin=&#8221;||||false|false&#8221; custom_margin_tablet=&#8221;||||false|false&#8221; custom_margin_phone=&#8221;||||false|false&#8221; custom_margin_last_edited=&#8221;on|phone&#8221; custom_padding=&#8221;||60px||false|false&#8221; global_colors_info=&#8221;{}&#8221;][et_pb_row custom_padding_last_edited=&#8221;on|phone&#8221; _builder_version=&#8221;4.22.1&#8243; _module_preset=&#8221;default&#8221; width=&#8221;100%&#8221; max_width=&#8221;100%&#8221; custom_padding=&#8221;30px|80px|0px|80px|false|true&#8221; custom_padding_tablet=&#8221;50px|50px|0px|50px|false|true&#8221; custom_padding_phone=&#8221;20px|16px||16px|false|true&#8221; global_colors_info=&#8221;{}&#8221;][et_pb_column type=&#8221;4_4&#8243; _builder_version=&#8221;4.22.1&#8243; _module_preset=&#8221;default&#8221; global_colors_info=&#8221;{}&#8221;][et_pb_text _builder_version=&#8221;4.22.1&#8243; _module_preset=&#8221;default&#8221; global_colors_info=&#8221;{}&#8221;]Aviso de privacidad complementario para residentes de California<\/p>\n<p><strong>No brindaremos, compartimos ni vendemos ninguna informaci\u00f3n a terceros, a menos que se requiera por ley, pero, para cumplir con la ley de California conocida como ley \u201cShine the Light\u201d (codificada en el C\u00f3digo Civil de California, secci\u00f3n 1798.83), le brindamos el siguiente aviso complementario:<\/strong><\/p>\n<p>Si usted vive en California, tiene derecho a solicitar y obtener de nosotros, una vez por a\u00f1o calendario, informaci\u00f3n en relaci\u00f3n con \u201cinformaci\u00f3n personal\u201d sobre usted (seg\u00fan la definici\u00f3n de ese t\u00e9rmino en la secci\u00f3n 1798.83 del C\u00f3digo Civil de California) que compartimos (si correspondiera) con un tercero para fines de marketing directo de ese tercero. La informaci\u00f3n incluir\u00e1 (1) una lista de las categor\u00edas descritas en la secci\u00f3n 1798.83(e)(6) del C\u00f3digo Civil de California que se divulg\u00f3 durante el a\u00f1o calendario anterior (si correspondiera) y (2) los nombres y las direcciones de todos los terceros con los que compartimos este tipo de informaci\u00f3n personal sobre usted durante el a\u00f1o calendario anterior y, si la naturaleza del negocio de este tercero no puede determinarse razonablemente a partir de su nombre, una descripci\u00f3n de la naturaleza del negocio del tercero o ejemplos de productos y servicios que comercializa.<\/p>\n<p>Para presentar una solicitud, env\u00ede un correo electr\u00f3nico al Alzheimer\u2019s Therapeutic Research Institute (Instituto de Investigaciones Terap\u00e9uticas para el Alzheimer) de la USC Keck School of Medicine (Escuela de Medicina Keck de la USC) a ask@actcinfo.org, e incluya \u201cSolicitud de informaci\u00f3n de privacidad de California\u201d en el asunto. Le enviaremos la informaci\u00f3n solicitada a su direcci\u00f3n de correo electr\u00f3nico. Tambi\u00e9n puede comunicarse con nosotros a:<\/p>\n<p>ATTN: START Website Team<br \/>\nUSC Keck School of Medicine<br \/>\nAlzheimer\u2019s Therapeutic Research Institute<br \/>\n9860 Mesa Rim Road<br \/>\nSan Diego, CA 92121<br \/>\nO por correo electr\u00f3nico:<a class=\"link-hover-color\" href=\"mailto:%20ask@actcinfo.org\">ask@actcinfo.org<\/a>[\/et_pb_text][\/et_pb_column][\/et_pb_row][\/et_pb_section]<\/p>\n","protected":false},"excerpt":{"rendered":"<p>Derechos de privacidad de CaliforniaAviso de privacidad complementario para residentes de California No brindaremos, compartimos ni vendemos ninguna informaci\u00f3n a terceros, a menos que se requiera por ley, pero, para cumplir con la ley de California conocida como ley \u201cShine the Light\u201d (codificada en el C\u00f3digo Civil de California, secci\u00f3n 1798.83), le brindamos el siguiente [&hellip;]<\/p>\n","protected":false},"author":2,"featured_media":0,"parent":0,"menu_order":0,"comment_status":"closed","ping_status":"closed","template":"","meta":{"_acf_changed":false,"_et_pb_use_builder":"on","_et_pb_old_content":"","_et_gb_content_width":"","footnotes":""},"class_list":["post-52735","page","type-page","status-publish","hentry"],"acf":[],"yoast_head":"<!-- This site is optimized with the Yoast SEO plugin v26.0 - https:\/\/yoast.com\/wordpress\/plugins\/seo\/ -->\n<title>Derechos de privacidad de California - START<\/title>\n<meta name=\"robots\" content=\"index, follow, max-snippet:-1, max-image-preview:large, max-video-preview:-1\" \/>\n<link rel=\"canonical\" href=\"https:\/\/start-study.org\/es\/derechos-de-privacidad-de-california\/\" \/>\n<meta property=\"og:locale\" content=\"es_ES\" \/>\n<meta property=\"og:type\" content=\"article\" \/>\n<meta property=\"og:title\" content=\"Derechos de privacidad de California - START\" \/>\n<meta property=\"og:description\" content=\"Derechos de privacidad de CaliforniaAviso de privacidad complementario para residentes de California No brindaremos, compartimos ni vendemos ninguna informaci\u00f3n a terceros, a menos que se requiera por ley, pero, para cumplir con la ley de California conocida como ley \u201cShine the Light\u201d (codificada en el C\u00f3digo Civil de California, secci\u00f3n 1798.83), le brindamos el siguiente [&hellip;]\" \/>\n<meta property=\"og:url\" content=\"https:\/\/start-study.org\/es\/derechos-de-privacidad-de-california\/\" \/>\n<meta property=\"og:site_name\" content=\"START\" \/>\n<meta property=\"article:modified_time\" content=\"2025-05-06T19:29:15+00:00\" \/>\n<meta name=\"twitter:card\" content=\"summary_large_image\" \/>\n<meta name=\"twitter:label1\" content=\"Est. reading time\" \/>\n\t<meta name=\"twitter:data1\" content=\"3 minutes\" \/>\n<script type=\"application\/ld+json\" class=\"yoast-schema-graph\">{\"@context\":\"https:\/\/schema.org\",\"@graph\":[{\"@type\":\"WebPage\",\"@id\":\"https:\/\/start-study.org\/es\/derechos-de-privacidad-de-california\/\",\"url\":\"https:\/\/start-study.org\/es\/derechos-de-privacidad-de-california\/\",\"name\":\"Derechos de privacidad de California - START\",\"isPartOf\":{\"@id\":\"https:\/\/start-study.org\/es\/#website\"},\"datePublished\":\"2024-02-22T13:02:38+00:00\",\"dateModified\":\"2025-05-06T19:29:15+00:00\",\"breadcrumb\":{\"@id\":\"https:\/\/start-study.org\/es\/derechos-de-privacidad-de-california\/#breadcrumb\"},\"inLanguage\":\"es-ES\",\"potentialAction\":[{\"@type\":\"ReadAction\",\"target\":[\"https:\/\/start-study.org\/es\/derechos-de-privacidad-de-california\/\"]}]},{\"@type\":\"BreadcrumbList\",\"@id\":\"https:\/\/start-study.org\/es\/derechos-de-privacidad-de-california\/#breadcrumb\",\"itemListElement\":[{\"@type\":\"ListItem\",\"position\":1,\"name\":\"Home\",\"item\":\"https:\/\/start-study.org\/es\/\"},{\"@type\":\"ListItem\",\"position\":2,\"name\":\"Derechos de privacidad de California\"}]},{\"@type\":\"WebSite\",\"@id\":\"https:\/\/start-study.org\/es\/#website\",\"url\":\"https:\/\/start-study.org\/es\/\",\"name\":\"START\",\"description\":\"\",\"potentialAction\":[{\"@type\":\"SearchAction\",\"target\":{\"@type\":\"EntryPoint\",\"urlTemplate\":\"https:\/\/start-study.org\/es\/?s={search_term_string}\"},\"query-input\":{\"@type\":\"PropertyValueSpecification\",\"valueRequired\":true,\"valueName\":\"search_term_string\"}}],\"inLanguage\":\"es-ES\"}]}<\/script>\n<!-- \/ Yoast SEO plugin. -->","yoast_head_json":{"title":"Derechos de privacidad de California - START","robots":{"index":"index","follow":"follow","max-snippet":"max-snippet:-1","max-image-preview":"max-image-preview:large","max-video-preview":"max-video-preview:-1"},"canonical":"https:\/\/start-study.org\/es\/derechos-de-privacidad-de-california\/","og_locale":"es_ES","og_type":"article","og_title":"Derechos de privacidad de California - START","og_description":"Derechos de privacidad de CaliforniaAviso de privacidad complementario para residentes de California No brindaremos, compartimos ni vendemos ninguna informaci\u00f3n a terceros, a menos que se requiera por ley, pero, para cumplir con la ley de California conocida como ley \u201cShine the Light\u201d (codificada en el C\u00f3digo Civil de California, secci\u00f3n 1798.83), le brindamos el siguiente [&hellip;]","og_url":"https:\/\/start-study.org\/es\/derechos-de-privacidad-de-california\/","og_site_name":"START","article_modified_time":"2025-05-06T19:29:15+00:00","twitter_card":"summary_large_image","twitter_misc":{"Est. reading time":"3 minutes"},"schema":{"@context":"https:\/\/schema.org","@graph":[{"@type":"WebPage","@id":"https:\/\/start-study.org\/es\/derechos-de-privacidad-de-california\/","url":"https:\/\/start-study.org\/es\/derechos-de-privacidad-de-california\/","name":"Derechos de privacidad de California - START","isPartOf":{"@id":"https:\/\/start-study.org\/es\/#website"},"datePublished":"2024-02-22T13:02:38+00:00","dateModified":"2025-05-06T19:29:15+00:00","breadcrumb":{"@id":"https:\/\/start-study.org\/es\/derechos-de-privacidad-de-california\/#breadcrumb"},"inLanguage":"es-ES","potentialAction":[{"@type":"ReadAction","target":["https:\/\/start-study.org\/es\/derechos-de-privacidad-de-california\/"]}]},{"@type":"BreadcrumbList","@id":"https:\/\/start-study.org\/es\/derechos-de-privacidad-de-california\/#breadcrumb","itemListElement":[{"@type":"ListItem","position":1,"name":"Home","item":"https:\/\/start-study.org\/es\/"},{"@type":"ListItem","position":2,"name":"Derechos de privacidad de California"}]},{"@type":"WebSite","@id":"https:\/\/start-study.org\/es\/#website","url":"https:\/\/start-study.org\/es\/","name":"START","description":"","potentialAction":[{"@type":"SearchAction","target":{"@type":"EntryPoint","urlTemplate":"https:\/\/start-study.org\/es\/?s={search_term_string}"},"query-input":{"@type":"PropertyValueSpecification","valueRequired":true,"valueName":"search_term_string"}}],"inLanguage":"es-ES"}]}},"_links":{"self":[{"href":"https:\/\/start-study.org\/es\/wp-json\/wp\/v2\/pages\/52735","targetHints":{"allow":["GET"]}}],"collection":[{"href":"https:\/\/start-study.org\/es\/wp-json\/wp\/v2\/pages"}],"about":[{"href":"https:\/\/start-study.org\/es\/wp-json\/wp\/v2\/types\/page"}],"author":[{"embeddable":true,"href":"https:\/\/start-study.org\/es\/wp-json\/wp\/v2\/users\/2"}],"replies":[{"embeddable":true,"href":"https:\/\/start-study.org\/es\/wp-json\/wp\/v2\/comments?post=52735"}],"version-history":[{"count":3,"href":"https:\/\/start-study.org\/es\/wp-json\/wp\/v2\/pages\/52735\/revisions"}],"predecessor-version":[{"id":53359,"href":"https:\/\/start-study.org\/es\/wp-json\/wp\/v2\/pages\/52735\/revisions\/53359"}],"wp:attachment":[{"href":"https:\/\/start-study.org\/es\/wp-json\/wp\/v2\/media?parent=52735"}],"curies":[{"name":"wp","href":"https:\/\/api.w.org\/{rel}","templated":true}]}}